{"id":2246,"date":"2012-06-23T19:23:11","date_gmt":"2012-06-23T17:23:11","guid":{"rendered":"http:\/\/www.loligrub.be\/blog\/event-registration\/"},"modified":"2013-04-15T23:23:43","modified_gmt":"2013-04-15T21:23:43","slug":"event-registration","status":"publish","type":"page","link":"https:\/\/www.loligrub.be\/blog\/event-registration\/","title":{"rendered":"Nos \u00e9v\u00e8nements"},"content":{"rendered":"<p><strong>Vous pouvez retrouver la liste de nos \u00e9v\u00e9nements en parcourant le blog et sur la page\u00a0<a href=\"http:\/\/loligrub.fikket.com\">http:\/\/loligrub.fikket.com<\/a><\/strong><\/p>\n<p>Nous co-organisons \u00e9galement les conf\u00e9rences mensuelles des <a href=\"http:\/\/www.jeudisdulibre.be\">Jeudis du Libre<\/a><\/p>\n<p><a href=\"http:\/\/www.loligrub.be\/blog\/asbl\/\">Cliquez ici<\/a> si vous voulez savoir ce qu&rsquo;est notre association, ses objectifs, nos activit\u00e9s, ce qui d\u00e9finit les logiciels libres et ce qu&rsquo;est Linux !<\/p>\n","protected":false},"excerpt":{"rendered":"<p>Vous pouvez retrouver la liste de nos \u00e9v\u00e9nements en parcourant le blog et sur la page\u00a0http:\/\/loligrub.fikket.com Nous co-organisons \u00e9galement les conf\u00e9rences mensuelles des Jeudis du Libre Cliquez ici si vous voulez savoir ce qu&rsquo;est notre association, ses objectifs, nos activit\u00e9s, &hellip; <a href=\"https:\/\/www.loligrub.be\/blog\/event-registration\/\">Continuer la lecture <span class=\"meta-nav\">&rarr;<\/span><\/a><\/p>\n","protected":false},"author":1,"featured_media":0,"parent":0,"menu_order":0,"comment_status":"closed","ping_status":"closed","template":"","meta":{"footnotes":""},"class_list":["post-2246","page","type-page","status-publish","hentry"],"_links":{"self":[{"href":"https:\/\/www.loligrub.be\/blog\/wp-json\/wp\/v2\/pages\/2246","targetHints":{"allow":["GET"]}}],"collection":[{"href":"https:\/\/www.loligrub.be\/blog\/wp-json\/wp\/v2\/pages"}],"about":[{"href":"https:\/\/www.loligrub.be\/blog\/wp-json\/wp\/v2\/types\/page"}],"author":[{"embeddable":true,"href":"https:\/\/www.loligrub.be\/blog\/wp-json\/wp\/v2\/users\/1"}],"replies":[{"embeddable":true,"href":"https:\/\/www.loligrub.be\/blog\/wp-json\/wp\/v2\/comments?post=2246"}],"version-history":[{"count":6,"href":"https:\/\/www.loligrub.be\/blog\/wp-json\/wp\/v2\/pages\/2246\/revisions"}],"predecessor-version":[{"id":2268,"href":"https:\/\/www.loligrub.be\/blog\/wp-json\/wp\/v2\/pages\/2246\/revisions\/2268"}],"wp:attachment":[{"href":"https:\/\/www.loligrub.be\/blog\/wp-json\/wp\/v2\/media?parent=2246"}],"curies":[{"name":"wp","href":"https:\/\/api.w.org\/{rel}","templated":true}]}}