{"id":5,"date":"2011-04-17T13:24:44","date_gmt":"2011-04-17T12:24:44","guid":{"rendered":"http:\/\/vu2002.fred.kahutt.com\/?page_id=5"},"modified":"2024-01-14T09:30:08","modified_gmt":"2024-01-14T08:30:08","slug":"nous-rejoindre","status":"publish","type":"page","link":"https:\/\/www.loligrub.be\/blog\/nous-rejoindre\/","title":{"rendered":"Nous Rejoindre"},"content":{"rendered":"<p><a href=\"http:\/\/www.loligrub.be\/blog\/asbl\/\">Cliquez ici<\/a> si vous voulez savoir ce qu&rsquo;est notre association, ses objectifs, nos activit\u00e9s, ce qui d\u00e9finit les logiciels libres et ce qu&rsquo;est Linux !<\/p>\n<p>Nos ateliers se d\u00e9roulent chaque 3\u00e8me samedi du mois vers 15h \u00e0 l&rsquo;adresse suivante : Caj-Mir 4, all\u00e9e de la Motte, 7300 Boussu. Au plaisir de vous y rencontrer !<br \/>\n(un plan d&rsquo;acc\u00e8s est disponible en fin de cette page)<\/p>\n<p>En plus de vous inscrire sur le site, vous pouvez soutenir notre A.S.B.L. en devenant membre adh\u00e9rent ou effectif. Envoyez-nous pour cela une demande par email \u00e0 <del>information AT loligrub.be<\/del> (adresse momentan\u00e9ment indisponible) ou \u00e0 un des membres du Conseil d&rsquo;Administration en indiquant vos nom et pr\u00e9noms, et le username sur le site. Si vous souhaitez devenir membre effectif, vous devez le pr\u00e9ciser explicitement. D\u00e8s acceptation de votre candidature, vous recevrez des instructions et une invitation \u00e0 acquitter une cotisation annuelle dont les montants sont:<\/p>\n<ul>\n<li>Membre adh\u00e9rent &#8211; personnes physiques: 5 \u20ac<\/li>\n<li>Membre adh\u00e9rent &#8211; \u00e9tudiants, ch\u00f4meurs, retrait\u00e9s, minimex\u00e9s: 1 \u20ac<\/li>\n<li>Membre adh\u00e9rent &#8211; personnes morales: 50 \u20ac<\/li>\n<li>Membre effectif &#8211; personnes physiques: 10 \u20ac (droit de vote en A.G.)<\/li>\n<li>Membre effectif &#8211; personnes morales: 100 \u20ac (droit de vote en A.G.)<\/li>\n<\/ul>\n<p>Ces montants sont indiqu\u00e9s \u00e0 titre minimum, chaque membre peut verser une cotisation d&rsquo;un montant sup\u00e9rieur.<\/p>\n<p>Les dons ou cotisations sont \u00e0 verser au compte n\u00b0 IBAN BE09 1262 0427 1057 (BIC CPHBBE75) de l&rsquo;A.S.B.L. LoLiGrUB.<\/p>\n<p><a name=\"plan\"><\/a>Plan d&rsquo;acc\u00e8s au local habituel de nos ateliers, \u00e0 Boussu :<\/p>\n<style type=\"text\/css\">#map_1 {clear: both; padding: 0px; margin: 0px; border: 0px; width: 100%; height: 100%; margin-top:0px; margin-right:0px;margin-left:0px; margin-bottom:0px; left: 0px; border-radius:0px;\nbox-shadow: none;}#map_1 img{clear: both; padding: 0px; margin: 0px; border: 0px; width: 100%; height: 100%; position: absolute; margin-top:0px; margin-right:0px;margin-left:0px; margin-bottom:0px; border-radius:0px;\nbox-shadow: none;}<\/style><div id=\"map_1\" class=\"OSM_Map\" style=\"width:600px; height:450px; overflow:hidden;padding:0px;border:none;\"><script type=\"text\/javascript\">\/* <![CDATA[ *\/(function($) { OpenLayers.ImgPath = \"https:\/\/www.loligrub.be\/blog\/wp-content\/plugins\/osm\/themes\/ol\/\"; map_1 = new OpenLayers.Map (\"map_1\", {            controls:[              new OpenLayers.Control.Navigation(),              new OpenLayers.Control.PanZoom(),              new OpenLayers.Control.Attribution()              ],          maxExtent: new OpenLayers.Bounds(-20037508.34,-20037508.34,20037508.34,20037508.34),          maxResolution: 156543.0399,          numZoomLevels: 19,          units: \"m\",          projection: new OpenLayers.Projection(\"EPSG:900913\"),          displayProjection: new OpenLayers.Projection(\"EPSG:4326\")      } );var layerMapnik = new OpenLayers.Layer.OSM.Mapnik(\"Mapnik\");var layerCycle  = new OpenLayers.Layer.OSM.CycleMap(\"CycleMap\");map_1.addLayers([layerMapnik, layerCycle]);map_1.addControl(new OpenLayers.Control.LayerSwitcher());var lonLat = new OpenLayers.LonLat(3.79520,50.43489).transform(map_1.displayProjection, map_1.projection);map_1.setCenter (lonLat,15);var MarkerLayer = new OpenLayers.Layer.Markers(\"Marker\");map_1.addLayer(MarkerLayer);\n      function osm_map_1MarkerPopUpClick(a_evt){\n        if (this.popup == null){\n          this.popup = this.createPopup(this.closeBox);\n          map_1.addPopup(this.popup);\n          this.popup.show();\n        }\n        else{\n          for (var i = 0; i < map_1.popups.length; i++){\n          map_1.popups[i].hide();\n          }\n          this.popup.toggle();\n        }\n        OpenLayers.Event.stop(a_evt);\n      }\n    var map_1IconArray = [];var Mdata = {};\n        Mdata.icon = new OpenLayers.Icon(\"https:\/\/www.loligrub.be\/blog\/wp-content\/plugins\/osm\/icons\/styria_linux.png\",\n          new OpenLayers.Size(36,50),\n          new OpenLayers.Pixel(-18, -25));map_1IconArray.push(Mdata);var ll = new OpenLayers.LonLat(3.79520,50.43489).transform(map_1.displayProjection, map_1.projection);var feature = new OpenLayers.Feature(MarkerLayer, ll, map_1IconArray[0]);feature.closeBox = true;feature.popupClass = OpenLayers.Class(OpenLayers.Popup.FramedCloud, {\"autoSize\": true, minSize: new OpenLayers.Size(150,150),\"keepInMap\": true } );feature.data.popupContentHTML = \"<b>LoLiGrUB<\/b> c\\'est ici !!!\";feature.data.overflow = \"hidden\";var marker = new OpenLayers.Marker(ll,map_1IconArray[0].icon.clone());marker.feature = feature;marker.events.register(\"mousedown\", feature, osm_map_1MarkerPopUpClick);MarkerLayer.addMarker(marker);map_1.addPopup(feature.createPopup(feature.closeBox));var lonLat = new OpenLayers.LonLat(3.79520,50.43489).transform(map_1.displayProjection, map_1.projection);map_1.setCenter (lonLat,15);})(jQuery)\/* ]]> *\/ <\/script><\/div>\n","protected":false},"excerpt":{"rendered":"<p>Cliquez ici si vous voulez savoir ce qu&rsquo;est notre association, ses objectifs, nos activit\u00e9s, ce qui d\u00e9finit les logiciels libres et ce qu&rsquo;est Linux ! Nos ateliers se d\u00e9roulent chaque 3\u00e8me samedi du mois vers 15h \u00e0 l&rsquo;adresse suivante : &hellip; <a href=\"https:\/\/www.loligrub.be\/blog\/nous-rejoindre\/\">Continuer la lecture <span class=\"meta-nav\">&rarr;<\/span><\/a><\/p>\n","protected":false},"author":1,"featured_media":0,"parent":0,"menu_order":0,"comment_status":"closed","ping_status":"open","template":"","meta":{"footnotes":""},"class_list":["post-5","page","type-page","status-publish","hentry"],"_links":{"self":[{"href":"https:\/\/www.loligrub.be\/blog\/wp-json\/wp\/v2\/pages\/5","targetHints":{"allow":["GET"]}}],"collection":[{"href":"https:\/\/www.loligrub.be\/blog\/wp-json\/wp\/v2\/pages"}],"about":[{"href":"https:\/\/www.loligrub.be\/blog\/wp-json\/wp\/v2\/types\/page"}],"author":[{"embeddable":true,"href":"https:\/\/www.loligrub.be\/blog\/wp-json\/wp\/v2\/users\/1"}],"replies":[{"embeddable":true,"href":"https:\/\/www.loligrub.be\/blog\/wp-json\/wp\/v2\/comments?post=5"}],"version-history":[{"count":27,"href":"https:\/\/www.loligrub.be\/blog\/wp-json\/wp\/v2\/pages\/5\/revisions"}],"predecessor-version":[{"id":3939,"href":"https:\/\/www.loligrub.be\/blog\/wp-json\/wp\/v2\/pages\/5\/revisions\/3939"}],"wp:attachment":[{"href":"https:\/\/www.loligrub.be\/blog\/wp-json\/wp\/v2\/media?parent=5"}],"curies":[{"name":"wp","href":"https:\/\/api.w.org\/{rel}","templated":true}]}}