{"id":8,"date":"2011-04-17T13:25:46","date_gmt":"2011-04-17T12:25:46","guid":{"rendered":"http:\/\/vu2002.fred.kahutt.com\/?page_id=8"},"modified":"2015-04-20T14:00:23","modified_gmt":"2015-04-20T12:00:23","slug":"les-equipes","status":"publish","type":"page","link":"https:\/\/www.loligrub.be\/blog\/les-equipes\/","title":{"rendered":"Les \u00e9quipes"},"content":{"rendered":"<h1>Conseil d&rsquo;administration<\/h1>\n<ul>\n<li>Eric Donnet, Pr\u00e9sident<\/li>\n<li>Thierry Gavroy, Vice-Pr\u00e9sident<\/li>\n<li>Fr\u00e9d\u00e9ric Boulet, Secr\u00e9taire<\/li>\n<li>Didier Villers, Tr\u00e9sorier<\/li>\n<li>Philippe Wambeke<\/li>\n<li>Thierry Bruy\u00e8re<\/li>\n<\/ul>\n<h1>Editorial<\/h1>\n<ul>\n<li>Didier Villers<\/li>\n<li>Marc Heerbrant<\/li>\n<\/ul>\n<h1>Site web<\/h1>\n<ul>\n<li>Eric Donnet<\/li>\n<li>Didier Villers<\/li>\n<li>Thierry Gavroy<\/li>\n<\/ul>\n<h1>OpenStreetMap<\/h1>\n<ul>\n<li>Didier Villers<\/li>\n<li>Jean-Paul Vandevelde<\/li>\n<li>Thierry Gavroy<\/li>\n<\/ul>\n<h1>Technique<\/h1>\n<ul>\n<li>Thierry Bruy\u00e8re<\/li>\n<li>Fr\u00e9d\u00e9ric Boulet<\/li>\n<li>Philippe Wambeke<\/li>\n<\/ul>\n<p>Vous avez envie de vous joindre \u00e0 une de nos \u00e9quipes ?\u00a0 Parlez-en lors d&rsquo;un atelier !<\/p>\n<p><a href=\"http:\/\/www.loligrub.be\/blog\/asbl\/\">Cliquez ici<\/a> si vous voulez savoir ce qu&rsquo;est notre association, ses objectifs, nos activit\u00e9s, ce qui d\u00e9finit les logiciels libres et ce qu&rsquo;est Linux !<\/p>\n","protected":false},"excerpt":{"rendered":"<p>Conseil d&rsquo;administration Eric Donnet, Pr\u00e9sident Thierry Gavroy, Vice-Pr\u00e9sident Fr\u00e9d\u00e9ric Boulet, Secr\u00e9taire Didier Villers, Tr\u00e9sorier Philippe Wambeke Thierry Bruy\u00e8re Editorial Didier Villers Marc Heerbrant Site web Eric Donnet Didier Villers Thierry Gavroy OpenStreetMap Didier Villers Jean-Paul Vandevelde Thierry Gavroy Technique Thierry &hellip; <a href=\"https:\/\/www.loligrub.be\/blog\/les-equipes\/\">Continuer la lecture <span class=\"meta-nav\">&rarr;<\/span><\/a><\/p>\n","protected":false},"author":1,"featured_media":0,"parent":0,"menu_order":0,"comment_status":"closed","ping_status":"open","template":"","meta":{"footnotes":""},"class_list":["post-8","page","type-page","status-publish","hentry"],"_links":{"self":[{"href":"https:\/\/www.loligrub.be\/blog\/wp-json\/wp\/v2\/pages\/8","targetHints":{"allow":["GET"]}}],"collection":[{"href":"https:\/\/www.loligrub.be\/blog\/wp-json\/wp\/v2\/pages"}],"about":[{"href":"https:\/\/www.loligrub.be\/blog\/wp-json\/wp\/v2\/types\/page"}],"author":[{"embeddable":true,"href":"https:\/\/www.loligrub.be\/blog\/wp-json\/wp\/v2\/users\/1"}],"replies":[{"embeddable":true,"href":"https:\/\/www.loligrub.be\/blog\/wp-json\/wp\/v2\/comments?post=8"}],"version-history":[{"count":11,"href":"https:\/\/www.loligrub.be\/blog\/wp-json\/wp\/v2\/pages\/8\/revisions"}],"predecessor-version":[{"id":3287,"href":"https:\/\/www.loligrub.be\/blog\/wp-json\/wp\/v2\/pages\/8\/revisions\/3287"}],"wp:attachment":[{"href":"https:\/\/www.loligrub.be\/blog\/wp-json\/wp\/v2\/media?parent=8"}],"curies":[{"name":"wp","href":"https:\/\/api.w.org\/{rel}","templated":true}]}}